{"id":169,"date":"2021-02-16T16:28:30","date_gmt":"2021-02-16T16:28:30","guid":{"rendered":"http:\/\/sypol.be\/?page_id=12"},"modified":"2025-05-16T13:13:08","modified_gmt":"2025-05-16T13:13:08","slug":"presentation","status":"publish","type":"page","link":"https:\/\/sypol.be\/fr\/sypol\/presentation\/","title":{"rendered":"Pr\u00e9sentation"},"content":{"rendered":"<h2>Une organisation syndicale neutre, apolitique et autonome<\/h2>\n<p>Sypol.be est compos\u00e9e de coll\u00e8gues qui sont encore quotidiennement sur le terrain et qui s&rsquo;engagent avec soin pour tous les membres de chaque service, tant individuellement que collectivement, mais toujours avec l&rsquo;objectif de lutter contre toute forme de discrimination, de prot\u00e9ger leurs droits et leurs int\u00e9r\u00eats professionnels, \u00e9conomiques et sociaux.<\/p>\n<p>Nos membres b\u00e9n\u00e9ficient de l&rsquo;assistance professionnelle de nos d\u00e9l\u00e9gu\u00e9s et, le cas \u00e9ch\u00e9ant, d&rsquo;une intervention financi\u00e8re\u00a0 maximale garantie de 8.000 \u20ac pour une assistance juridique.<\/p>\n<p>\u00c0 partir du 1\/1\/2020, les demandes d&rsquo;assistance juridique sont cependant trait\u00e9es et prises en charge directement par Sypol.be, conform\u00e9ment aux conditions d\u00e9finies par le Conseil d&rsquo;Administration.<\/p>\n","protected":false},"excerpt":{"rendered":"<p>Une organisation syndicale neutre, apolitique et autonome Sypol.be est compos\u00e9e de coll\u00e8gues qui sont encore quotidiennement sur le terrain et qui s&rsquo;engagent avec soin pour tous les membres de chaque service, tant individuellement que collectivement, mais toujours avec l&rsquo;objectif de lutter contre toute forme de discrimination, de prot\u00e9ger leurs droits et leurs int\u00e9r\u00eats professionnels, \u00e9conomiques [&hellip;]<\/p>\n","protected":false},"author":1,"featured_media":0,"parent":165,"menu_order":1,"comment_status":"closed","ping_status":"closed","template":"page-with-submenu.php","meta":{"footnotes":""},"acf":[],"_links":{"self":[{"href":"https:\/\/sypol.be\/fr\/wp-json\/wp\/v2\/pages\/169"}],"collection":[{"href":"https:\/\/sypol.be\/fr\/wp-json\/wp\/v2\/pages"}],"about":[{"href":"https:\/\/sypol.be\/fr\/wp-json\/wp\/v2\/types\/page"}],"author":[{"embeddable":true,"href":"https:\/\/sypol.be\/fr\/wp-json\/wp\/v2\/users\/1"}],"replies":[{"embeddable":true,"href":"https:\/\/sypol.be\/fr\/wp-json\/wp\/v2\/comments?post=169"}],"version-history":[{"count":7,"href":"https:\/\/sypol.be\/fr\/wp-json\/wp\/v2\/pages\/169\/revisions"}],"predecessor-version":[{"id":451,"href":"https:\/\/sypol.be\/fr\/wp-json\/wp\/v2\/pages\/169\/revisions\/451"}],"up":[{"embeddable":true,"href":"https:\/\/sypol.be\/fr\/wp-json\/wp\/v2\/pages\/165"}],"wp:attachment":[{"href":"https:\/\/sypol.be\/fr\/wp-json\/wp\/v2\/media?parent=169"}],"curies":[{"name":"wp","href":"https:\/\/api.w.org\/{rel}","templated":true}]}}